{"id":3753,"date":"2024-07-04T16:53:28","date_gmt":"2024-07-04T16:53:28","guid":{"rendered":"https:\/\/techhub.saworks.io\/?page_id=3753"},"modified":"2025-09-16T10:21:38","modified_gmt":"2025-09-16T10:21:38","slug":"privacy-policy","status":"publish","type":"page","link":"https:\/\/techhub.saworks.io\/fr\/privacy-policy\/","title":{"rendered":"Politique de confidentialit\u00e9"},"content":{"rendered":"\n<h2 class=\"wp-block-heading\"><strong>Qui nous sommes<\/strong><\/h2>\n\n\n\n<p>Les adresses de nos sites web sont : <a class=\"\" href=\"https:\/\/saworks.io\">https:\/\/saworks.io<\/a> et <a class=\"\" href=\"https:\/\/techhub.saworks.io\/fr\/\">https:\/\/techhub.saworks.io<\/a><\/p>\n\n\n\n<hr class=\"wp-block-separator has-alpha-channel-opacity\"\/>\n\n\n\n<h3 class=\"wp-block-heading\"><strong>Commentaires<\/strong><\/h3>\n\n\n\n<p>Lorsque les visiteurs laissent des commentaires sur le site, nous collectons les donn\u00e9es indiqu\u00e9es dans le formulaire de commentaire, ainsi que l\u2019adresse IP du visiteur et la cha\u00eene d\u2019agent utilisateur du navigateur afin d\u2019aider \u00e0 la d\u00e9tection des spams.<\/p>\n\n\n\n<p>Une cha\u00eene anonymis\u00e9e (\u00e9galement appel\u00e9e <em>hash<\/em>) peut \u00eatre g\u00e9n\u00e9r\u00e9e \u00e0 partir de votre adresse e-mail et transmise au service Gravatar pour v\u00e9rifier si vous l\u2019utilisez. La politique de confidentialit\u00e9 du service Gravatar est disponible ici : <a class=\"\" href=\"https:\/\/automattic.com\/privacy\/\">https:\/\/automattic.com\/privacy\/<\/a>.<br>Une fois votre commentaire approuv\u00e9, votre photo de profil devient visible publiquement dans le contexte de votre commentaire.<\/p>\n\n\n\n<hr class=\"wp-block-separator has-alpha-channel-opacity\"\/>\n\n\n\n<h3 class=\"wp-block-heading\"><strong>M\u00e9dias<\/strong><\/h3>\n\n\n\n<p>Si vous t\u00e9l\u00e9versez des images sur le site web, veuillez \u00e9viter d\u2019y inclure des donn\u00e9es de localisation int\u00e9gr\u00e9es (EXIF GPS). Les visiteurs du site peuvent t\u00e9l\u00e9charger et extraire ces donn\u00e9es \u00e0 partir des images.<\/p>\n\n\n\n<hr class=\"wp-block-separator has-alpha-channel-opacity\"\/>\n\n\n\n<h3 class=\"wp-block-heading\"><strong>Cookies<\/strong><\/h3>\n\n\n\n<p>Si vous laissez un commentaire sur notre site, vous pouvez choisir d\u2019enregistrer votre nom, adresse e-mail et site web dans des cookies. Cela est fait pour votre confort afin que vous n\u2019ayez pas \u00e0 ressaisir ces informations lors de commentaires ult\u00e9rieurs. Ces cookies durent un an.<\/p>\n\n\n\n<p>Lorsque vous acc\u00e9dez \u00e0 notre page de connexion, un cookie temporaire est cr\u00e9\u00e9 pour v\u00e9rifier si votre navigateur accepte les cookies. Ce cookie ne contient aucune donn\u00e9e personnelle et est supprim\u00e9 \u00e0 la fermeture de votre navigateur.<\/p>\n\n\n\n<p>Lorsque vous vous connectez, plusieurs cookies sont install\u00e9s pour enregistrer vos informations de connexion et vos pr\u00e9f\u00e9rences d\u2019affichage.<\/p>\n\n\n\n<ul class=\"wp-block-list\">\n<li>Les cookies de connexion durent deux jours.<\/li>\n\n\n\n<li>Les cookies d\u2019options d\u2019\u00e9cran durent un an.<\/li>\n\n\n\n<li>Si vous s\u00e9lectionnez \u00ab Se souvenir de moi \u00bb, votre connexion persistera pendant deux semaines.<\/li>\n\n\n\n<li>La d\u00e9connexion supprimera les cookies de connexion.<\/li>\n<\/ul>\n\n\n\n<p>Si vous modifiez ou publiez un article, un cookie suppl\u00e9mentaire sera enregistr\u00e9 dans votre navigateur. Ce cookie ne contient aucune donn\u00e9e personnelle, uniquement l\u2019identifiant de l\u2019article, et il expire apr\u00e8s un jour.<\/p>\n\n\n\n<hr class=\"wp-block-separator has-alpha-channel-opacity\"\/>\n\n\n\n<h3 class=\"wp-block-heading\"><strong>Contenu int\u00e9gr\u00e9 provenant d\u2019autres sites web<\/strong><\/h3>\n\n\n\n<p>Les articles de ce site peuvent inclure du contenu int\u00e9gr\u00e9 (par exemple : vid\u00e9os, images, articles, etc.). Le contenu int\u00e9gr\u00e9 depuis d\u2019autres sites se comporte exactement comme si vous aviez visit\u00e9 ces sites directement.<\/p>\n\n\n\n<p>Ces sites web tiers peuvent collecter des donn\u00e9es vous concernant, utiliser des cookies, embarquer des outils de suivi tiers suppl\u00e9mentaires, et suivre vos interactions avec ce contenu int\u00e9gr\u00e9 \u2014 notamment si vous poss\u00e9dez un compte et \u00eates connect\u00e9 \u00e0 ces sites.<\/p>\n\n\n\n<hr class=\"wp-block-separator has-alpha-channel-opacity\"\/>\n\n\n\n<h3 class=\"wp-block-heading\"><strong>Avec qui nous partageons vos donn\u00e9es<\/strong><\/h3>\n\n\n\n<p>Si vous demandez une r\u00e9initialisation de mot de passe, votre adresse IP sera incluse dans l\u2019e-mail de r\u00e9initialisation.<\/p>\n\n\n\n<hr class=\"wp-block-separator has-alpha-channel-opacity\"\/>\n\n\n\n<h3 class=\"wp-block-heading\"><strong>Dur\u00e9e de conservation de vos donn\u00e9es<\/strong><\/h3>\n\n\n\n<p>Si vous laissez un commentaire, celui-ci et ses m\u00e9tadonn\u00e9es sont conserv\u00e9s ind\u00e9finiment afin de pouvoir reconna\u00eetre et approuver automatiquement les commentaires suivants.<\/p>\n\n\n\n<p>Pour les utilisateurs qui s\u2019enregistrent sur notre site (le cas \u00e9ch\u00e9ant), nous stockons les informations personnelles fournies dans leur profil utilisateur.<\/p>\n\n\n\n<p>Les administrateurs du site peuvent \u00e9galement consulter et modifier ces informations.<\/p>\n\n\n\n<p>Tous les utilisateurs peuvent consulter, modifier ou supprimer leurs informations personnelles \u00e0 tout moment (\u00e0 l\u2019exception de leur nom d\u2019utilisateur).<\/p>\n\n\n\n<hr class=\"wp-block-separator has-alpha-channel-opacity\"\/>\n\n\n\n<h3 class=\"wp-block-heading\"><strong>Quels sont vos droits sur vos donn\u00e9es<\/strong><\/h3>\n\n\n\n<p>Si vous avez un compte sur ce site ou si vous avez laiss\u00e9 des commentaires, vous pouvez demander \u00e0 recevoir un fichier export\u00e9 des donn\u00e9es personnelles que nous d\u00e9tenons \u00e0 votre sujet, incluant toutes celles que vous nous avez fournies. Vous pouvez \u00e9galement demander la suppression de ces donn\u00e9es personnelles. Cela n\u2019inclut pas les donn\u00e9es que nous sommes tenus de conserver \u00e0 des fins administratives, l\u00e9gales ou de s\u00e9curit\u00e9.<\/p>\n\n\n\n<hr class=\"wp-block-separator has-alpha-channel-opacity\"\/>\n\n\n\n<h3 class=\"wp-block-heading\"><strong>O\u00f9 vos donn\u00e9es sont envoy\u00e9es<\/strong><\/h3>\n\n\n\n<p>Les commentaires des visiteurs peuvent \u00eatre v\u00e9rifi\u00e9s \u00e0 l\u2019aide d\u2019un service automatis\u00e9 de d\u00e9tection des spams.<\/p>\n\n\n\n<p><\/p>\n","protected":false},"excerpt":{"rendered":"<p>Qui nous sommes Les adresses de nos sites web sont : https:\/\/saworks.io et https:\/\/techhub.saworks.io Commentaires Lorsque les visiteurs laissent des commentaires sur le [&hellip;]<\/p>\n","protected":false},"author":1,"featured_media":0,"parent":0,"menu_order":0,"comment_status":"closed","ping_status":"open","template":"","meta":{"footnotes":""},"class_list":["post-3753","page","type-page","status-publish","hentry"],"_links":{"self":[{"href":"https:\/\/techhub.saworks.io\/fr\/wp-json\/wp\/v2\/pages\/3753"}],"collection":[{"href":"https:\/\/techhub.saworks.io\/fr\/wp-json\/wp\/v2\/pages"}],"about":[{"href":"https:\/\/techhub.saworks.io\/fr\/wp-json\/wp\/v2\/types\/page"}],"author":[{"embeddable":true,"href":"https:\/\/techhub.saworks.io\/fr\/wp-json\/wp\/v2\/users\/1"}],"replies":[{"embeddable":true,"href":"https:\/\/techhub.saworks.io\/fr\/wp-json\/wp\/v2\/comments?post=3753"}],"version-history":[{"count":0,"href":"https:\/\/techhub.saworks.io\/fr\/wp-json\/wp\/v2\/pages\/3753\/revisions"}],"wp:attachment":[{"href":"https:\/\/techhub.saworks.io\/fr\/wp-json\/wp\/v2\/media?parent=3753"}],"curies":[{"name":"wp","href":"https:\/\/api.w.org\/{rel}","templated":true}]}}