{"id":4354,"date":"2024-09-10T14:03:02","date_gmt":"2024-09-10T14:03:02","guid":{"rendered":"https:\/\/techhub.saworks.io\/?page_id=4354"},"modified":"2025-07-11T14:49:57","modified_gmt":"2025-07-11T14:49:57","slug":"saas-security-posture-management-quest-ce-que-cest-exactement","status":"publish","type":"page","link":"https:\/\/techhub.saworks.io\/fr\/saas-security-posture-management-quest-ce-que-cest-exactement\/","title":{"rendered":"Architecture de cybers\u00e9curit\u00e9"},"content":{"rendered":"\n<p>L\u2019architecture de cybers\u00e9curit\u00e9 dans le secteur financier renforce la r\u00e9silience, la confiance et la conformit\u00e9 en int\u00e9grant des strat\u00e9gies de d\u00e9fense en profondeur, des mod\u00e8les de confiance z\u00e9ro (zero trust) et une d\u00e9tection des menaces en temps r\u00e9el. Cette approche permet de r\u00e9duire les risques, d\u2019assurer le respect des r\u00e9glementations et de prot\u00e9ger les donn\u00e9es sensibles contre les cybermenaces en constante \u00e9volution.<\/p>\n\n\n\n<hr class=\"wp-block-separator has-alpha-channel-opacity\"\/>\n\n\n\n<div class=\"wp-block-group is-layout-constrained wp-block-group-is-layout-constrained\">\n<h2 class=\"wp-block-heading is-style-sidebar-title has-white-color has-primary-background-color has-text-color has-background has-link-color has-small-font-size wp-elements-990ca6fd075e6e3aa54f2cc76b974073\">Derniers articles sur la Cybers\u00e9curit\u00e9<\/h2>\n\n\n\n<div class=\"wp-block-query is-layout-flow wp-block-query-is-layout-flow\"><ul class=\"wp-block-post-template is-layout-flow wp-block-post-template-is-layout-flow\"><li class=\"wp-block-post post-11762 post type-post status-publish format-standard has-post-thumbnail hentry category-securite tag-securite-fr\">\n\n<div class=\"wp-block-columns is-layout-flex wp-container-core-columns-is-layout-1 wp-block-columns-is-layout-flex\">\n<div class=\"wp-block-column is-layout-flow wp-block-column-is-layout-flow\"><figure class=\"wp-block-post-featured-image\"><img decoding=\"async\" width=\"1087\" height=\"789\" data-src=\"https:\/\/techhub.saworks.io\/wp-content\/uploads\/2026\/01\/Capture-decran-2026-01-06-154157.png\" class=\"attachment-post-thumbnail size-post-thumbnail wp-post-image lazyload\" alt=\"\" style=\"--smush-placeholder-width: 1087px; --smush-placeholder-aspect-ratio: 1087\/789;object-fit:cover;\" data-srcset=\"https:\/\/techhub.saworks.io\/wp-content\/uploads\/2026\/01\/Capture-decran-2026-01-06-154157.png 1087w, https:\/\/techhub.saworks.io\/wp-content\/uploads\/2026\/01\/Capture-decran-2026-01-06-154157-300x218.png 300w, https:\/\/techhub.saworks.io\/wp-content\/uploads\/2026\/01\/Capture-decran-2026-01-06-154157-1024x743.png 1024w, https:\/\/techhub.saworks.io\/wp-content\/uploads\/2026\/01\/Capture-decran-2026-01-06-154157-768x557.png 768w\" data-sizes=\"(max-width: 1087px) 100vw, 1087px\" src=\"data:image\/svg+xml;base64,PHN2ZyB3aWR0aD0iMSIgaGVpZ2h0PSIxIiB4bWxucz0iaHR0cDovL3d3dy53My5vcmcvMjAwMC9zdmciPjwvc3ZnPg==\" \/><\/figure><\/div>\n\n\n\n<div class=\"wp-block-column is-layout-flow wp-block-column-is-layout-flow\"><h2 class=\"wp-block-post-title\">L&rsquo;importance de la s\u00e9curit\u00e9 informatique : prot\u00e9ger vos informations<\/h2>\n\n\n<div class=\"wp-block-group is-nowrap is-layout-flex wp-container-core-group-is-layout-1 wp-block-group-is-layout-flex\"><div class=\"wp-block-post-date\"><time datetime=\"2026-01-06T15:46:29+00:00\">6 janvier 2026<\/time><\/div>\n\n\n<p><\/p>\n\n\n<div class=\"wp-block-post-author\"><div class=\"wp-block-post-author__avatar\"><img alt='' data-src='https:\/\/secure.gravatar.com\/avatar\/6a70e7c73db9f245e650948d09d74f61?s=48&#038;d=mm&#038;r=g' data-srcset='https:\/\/secure.gravatar.com\/avatar\/6a70e7c73db9f245e650948d09d74f61?s=96&#038;d=mm&#038;r=g 2x' class='avatar avatar-48 photo lazyload' height='48' width='48' src='data:image\/svg+xml;base64,PHN2ZyB3aWR0aD0iMSIgaGVpZ2h0PSIxIiB4bWxucz0iaHR0cDovL3d3dy53My5vcmcvMjAwMC9zdmciPjwvc3ZnPg==' style='--smush-placeholder-width: 48px; --smush-placeholder-aspect-ratio: 48\/48;' \/><\/div><div class=\"wp-block-post-author__content\"><p class=\"wp-block-post-author__name\">Annick N&rsquo;dri<\/p><\/div><\/div><\/div>\n\n\n<div class=\"wp-block-post-excerpt\"><p class=\"wp-block-post-excerpt__excerpt\">Auteur:&nbsp;Dr369 L&rsquo;importance de la s\u00e9curit\u00e9 informatique : prot\u00e9ger vos informations \u00c0 l\u2019\u00e8re du num\u00e9rique, l\u2019information est devenue l\u2019un des atouts les plus pr\u00e9cieux, [&hellip;] <\/p><\/div><\/div>\n<\/div>\n\n<\/li><li class=\"wp-block-post post-3711 post type-post status-publish format-standard has-post-thumbnail hentry category-securite tag-securite-fr\">\n\n<div class=\"wp-block-columns is-layout-flex wp-container-core-columns-is-layout-2 wp-block-columns-is-layout-flex\">\n<div class=\"wp-block-column is-layout-flow wp-block-column-is-layout-flow\"><figure class=\"wp-block-post-featured-image\"><img decoding=\"async\" width=\"1579\" height=\"1000\" data-src=\"https:\/\/techhub.saworks.io\/wp-content\/uploads\/2024\/10\/gunnebo-sector-critical-1579x1000.webp\" class=\"attachment-post-thumbnail size-post-thumbnail wp-post-image lazyload\" alt=\"\" style=\"--smush-placeholder-width: 1579px; --smush-placeholder-aspect-ratio: 1579\/1000;object-fit:cover;\" data-srcset=\"https:\/\/techhub.saworks.io\/wp-content\/uploads\/2024\/10\/gunnebo-sector-critical-1579x1000.webp 1579w, https:\/\/techhub.saworks.io\/wp-content\/uploads\/2024\/10\/gunnebo-sector-critical-300x190.webp 300w, https:\/\/techhub.saworks.io\/wp-content\/uploads\/2024\/10\/gunnebo-sector-critical-1024x648.webp 1024w, https:\/\/techhub.saworks.io\/wp-content\/uploads\/2024\/10\/gunnebo-sector-critical-768x486.webp 768w, https:\/\/techhub.saworks.io\/wp-content\/uploads\/2024\/10\/gunnebo-sector-critical-1536x973.webp 1536w, https:\/\/techhub.saworks.io\/wp-content\/uploads\/2024\/10\/gunnebo-sector-critical-2048x1297.webp 2048w\" data-sizes=\"(max-width: 1579px) 100vw, 1579px\" src=\"data:image\/svg+xml;base64,PHN2ZyB3aWR0aD0iMSIgaGVpZ2h0PSIxIiB4bWxucz0iaHR0cDovL3d3dy53My5vcmcvMjAwMC9zdmciPjwvc3ZnPg==\" \/><\/figure><\/div>\n\n\n\n<div class=\"wp-block-column is-layout-flow wp-block-column-is-layout-flow\"><h2 class=\"wp-block-post-title\">S\u00e9curisation des infrastructures critiques<\/h2>\n\n\n<div class=\"wp-block-group is-nowrap is-layout-flex wp-container-core-group-is-layout-2 wp-block-group-is-layout-flex\"><div class=\"wp-block-post-date\"><time datetime=\"2024-10-16T13:16:03+00:00\">16 octobre 2024<\/time><\/div>\n\n\n<p><\/p>\n\n\n<div class=\"wp-block-post-author\"><div class=\"wp-block-post-author__avatar\"><img alt='' data-src='https:\/\/secure.gravatar.com\/avatar\/6a70e7c73db9f245e650948d09d74f61?s=48&#038;d=mm&#038;r=g' data-srcset='https:\/\/secure.gravatar.com\/avatar\/6a70e7c73db9f245e650948d09d74f61?s=96&#038;d=mm&#038;r=g 2x' class='avatar avatar-48 photo lazyload' height='48' width='48' src='data:image\/svg+xml;base64,PHN2ZyB3aWR0aD0iMSIgaGVpZ2h0PSIxIiB4bWxucz0iaHR0cDovL3d3dy53My5vcmcvMjAwMC9zdmciPjwvc3ZnPg==' style='--smush-placeholder-width: 48px; --smush-placeholder-aspect-ratio: 48\/48;' \/><\/div><div class=\"wp-block-post-author__content\"><p class=\"wp-block-post-author__name\">Annick N&rsquo;dri<\/p><\/div><\/div><\/div>\n\n\n<div class=\"wp-block-post-excerpt\"><p class=\"wp-block-post-excerpt__excerpt\">Introduction Les infrastructures critiques d\u00e9signent les syst\u00e8mes et services essentiels qui soutiennent le fonctionnement de la soci\u00e9t\u00e9 moderne, notamment l&rsquo;\u00e9nergie, les transports, les [&hellip;] <\/p><\/div><\/div>\n<\/div>\n\n<\/li><li class=\"wp-block-post post-3717 post type-post status-publish format-standard has-post-thumbnail hentry category-securite tag-analysestatique tag-bonnespratiques tag-codeql-fr tag-cybersecuritesecurite tag-donneescontaminees tag-injectionsql tag-securitedesapplications tag-securitelogicielle tag-xss-fr\">\n\n<div class=\"wp-block-columns is-layout-flex wp-container-core-columns-is-layout-3 wp-block-columns-is-layout-flex\">\n<div class=\"wp-block-column is-layout-flow wp-block-column-is-layout-flow\"><figure class=\"wp-block-post-featured-image\"><img decoding=\"async\" width=\"1280\" height=\"720\" data-src=\"https:\/\/techhub.saworks.io\/wp-content\/uploads\/2024\/10\/1728997429718.png\" class=\"attachment-post-thumbnail size-post-thumbnail wp-post-image lazyload\" alt=\"\" style=\"--smush-placeholder-width: 1280px; --smush-placeholder-aspect-ratio: 1280\/720;object-fit:cover;\" data-srcset=\"https:\/\/techhub.saworks.io\/wp-content\/uploads\/2024\/10\/1728997429718.png 1280w, https:\/\/techhub.saworks.io\/wp-content\/uploads\/2024\/10\/1728997429718-300x169.png 300w, https:\/\/techhub.saworks.io\/wp-content\/uploads\/2024\/10\/1728997429718-1024x576.png 1024w, https:\/\/techhub.saworks.io\/wp-content\/uploads\/2024\/10\/1728997429718-768x432.png 768w\" data-sizes=\"(max-width: 1280px) 100vw, 1280px\" src=\"data:image\/svg+xml;base64,PHN2ZyB3aWR0aD0iMSIgaGVpZ2h0PSIxIiB4bWxucz0iaHR0cDovL3d3dy53My5vcmcvMjAwMC9zdmciPjwvc3ZnPg==\" \/><\/figure><\/div>\n\n\n\n<div class=\"wp-block-column is-layout-flow wp-block-column-is-layout-flow\"><h2 class=\"wp-block-post-title\">CodeQL : qu&rsquo;est-ce qu&rsquo;une donn\u00e9e contamin\u00e9e ?<\/h2>\n\n\n<div class=\"wp-block-group is-nowrap is-layout-flex wp-container-core-group-is-layout-3 wp-block-group-is-layout-flex\"><div class=\"wp-block-post-date\"><time datetime=\"2024-10-15T13:18:52+00:00\">15 octobre 2024<\/time><\/div>\n\n\n<p><\/p>\n\n\n<div class=\"wp-block-post-author\"><div class=\"wp-block-post-author__avatar\"><img alt='' data-src='https:\/\/secure.gravatar.com\/avatar\/95c0d818b1eb4963172cd8a128369d2e?s=48&#038;d=mm&#038;r=g' data-srcset='https:\/\/secure.gravatar.com\/avatar\/95c0d818b1eb4963172cd8a128369d2e?s=96&#038;d=mm&#038;r=g 2x' class='avatar avatar-48 photo lazyload' height='48' width='48' src='data:image\/svg+xml;base64,PHN2ZyB3aWR0aD0iMSIgaGVpZ2h0PSIxIiB4bWxucz0iaHR0cDovL3d3dy53My5vcmcvMjAwMC9zdmciPjwvc3ZnPg==' style='--smush-placeholder-width: 48px; --smush-placeholder-aspect-ratio: 48\/48;' \/><\/div><div class=\"wp-block-post-author__content\"><p class=\"wp-block-post-author__name\">saworkswpadmin<\/p><\/div><\/div><\/div>\n\n\n<div class=\"wp-block-post-excerpt\"><p class=\"wp-block-post-excerpt__excerpt\">Vous \u00eates-vous d\u00e9j\u00e0 demand\u00e9 comment les entr\u00e9es non fiables peuvent devenir le talon d&rsquo;Achille de la s\u00e9curit\u00e9 de votre application ? Aujourd&rsquo;hui, nous [&hellip;] <\/p><\/div><\/div>\n<\/div>\n\n<\/li><\/ul><\/div>\n\n\n\n<div class=\"wp-block-query is-layout-flow wp-block-query-is-layout-flow\"><ul class=\"wp-block-post-template is-layout-flow wp-block-post-template-is-layout-flow\"><li class=\"wp-block-post post-11762 post type-post status-publish format-standard has-post-thumbnail hentry category-securite tag-securite-fr\">\n\n<div class=\"wp-block-group is-layout-constrained wp-block-group-is-layout-constrained\"><figure class=\"wp-block-post-featured-image\"><img decoding=\"async\" width=\"1087\" height=\"789\" data-src=\"https:\/\/techhub.saworks.io\/wp-content\/uploads\/2026\/01\/Capture-decran-2026-01-06-154157.png\" class=\"attachment-post-thumbnail size-post-thumbnail wp-post-image lazyload\" alt=\"\" style=\"--smush-placeholder-width: 1087px; --smush-placeholder-aspect-ratio: 1087\/789;object-fit:cover;\" data-srcset=\"https:\/\/techhub.saworks.io\/wp-content\/uploads\/2026\/01\/Capture-decran-2026-01-06-154157.png 1087w, https:\/\/techhub.saworks.io\/wp-content\/uploads\/2026\/01\/Capture-decran-2026-01-06-154157-300x218.png 300w, https:\/\/techhub.saworks.io\/wp-content\/uploads\/2026\/01\/Capture-decran-2026-01-06-154157-1024x743.png 1024w, https:\/\/techhub.saworks.io\/wp-content\/uploads\/2026\/01\/Capture-decran-2026-01-06-154157-768x557.png 768w\" data-sizes=\"(max-width: 1087px) 100vw, 1087px\" src=\"data:image\/svg+xml;base64,PHN2ZyB3aWR0aD0iMSIgaGVpZ2h0PSIxIiB4bWxucz0iaHR0cDovL3d3dy53My5vcmcvMjAwMC9zdmciPjwvc3ZnPg==\" \/><\/figure>\n\n<h2 class=\"wp-block-post-title\">L&rsquo;importance de la s\u00e9curit\u00e9 informatique : prot\u00e9ger vos informations<\/h2>\n\n\n<div class=\"wp-block-group is-nowrap is-layout-flex wp-container-core-group-is-layout-4 wp-block-group-is-layout-flex\"><div class=\"wp-block-post-date\"><time datetime=\"2026-01-06T15:46:29+00:00\">6 janvier 2026<\/time><\/div><\/div>\n<\/div>\n\n<\/li><li class=\"wp-block-post post-3711 post type-post status-publish format-standard has-post-thumbnail hentry category-securite tag-securite-fr\">\n\n<div class=\"wp-block-group is-layout-constrained wp-block-group-is-layout-constrained\"><figure class=\"wp-block-post-featured-image\"><img decoding=\"async\" width=\"1579\" height=\"1000\" data-src=\"https:\/\/techhub.saworks.io\/wp-content\/uploads\/2024\/10\/gunnebo-sector-critical-1579x1000.webp\" class=\"attachment-post-thumbnail size-post-thumbnail wp-post-image lazyload\" alt=\"\" style=\"--smush-placeholder-width: 1579px; --smush-placeholder-aspect-ratio: 1579\/1000;object-fit:cover;\" data-srcset=\"https:\/\/techhub.saworks.io\/wp-content\/uploads\/2024\/10\/gunnebo-sector-critical-1579x1000.webp 1579w, https:\/\/techhub.saworks.io\/wp-content\/uploads\/2024\/10\/gunnebo-sector-critical-300x190.webp 300w, https:\/\/techhub.saworks.io\/wp-content\/uploads\/2024\/10\/gunnebo-sector-critical-1024x648.webp 1024w, https:\/\/techhub.saworks.io\/wp-content\/uploads\/2024\/10\/gunnebo-sector-critical-768x486.webp 768w, https:\/\/techhub.saworks.io\/wp-content\/uploads\/2024\/10\/gunnebo-sector-critical-1536x973.webp 1536w, https:\/\/techhub.saworks.io\/wp-content\/uploads\/2024\/10\/gunnebo-sector-critical-2048x1297.webp 2048w\" data-sizes=\"(max-width: 1579px) 100vw, 1579px\" src=\"data:image\/svg+xml;base64,PHN2ZyB3aWR0aD0iMSIgaGVpZ2h0PSIxIiB4bWxucz0iaHR0cDovL3d3dy53My5vcmcvMjAwMC9zdmciPjwvc3ZnPg==\" \/><\/figure>\n\n<h2 class=\"wp-block-post-title\">S\u00e9curisation des infrastructures critiques<\/h2>\n\n\n<div class=\"wp-block-group is-nowrap is-layout-flex wp-container-core-group-is-layout-6 wp-block-group-is-layout-flex\"><div class=\"wp-block-post-date\"><time datetime=\"2024-10-16T13:16:03+00:00\">16 octobre 2024<\/time><\/div><\/div>\n<\/div>\n\n<\/li><li class=\"wp-block-post post-3717 post type-post status-publish format-standard has-post-thumbnail hentry category-securite tag-analysestatique tag-bonnespratiques tag-codeql-fr tag-cybersecuritesecurite tag-donneescontaminees tag-injectionsql tag-securitedesapplications tag-securitelogicielle tag-xss-fr\">\n\n<div class=\"wp-block-group is-layout-constrained wp-block-group-is-layout-constrained\"><figure class=\"wp-block-post-featured-image\"><img decoding=\"async\" width=\"1280\" height=\"720\" data-src=\"https:\/\/techhub.saworks.io\/wp-content\/uploads\/2024\/10\/1728997429718.png\" class=\"attachment-post-thumbnail size-post-thumbnail wp-post-image lazyload\" alt=\"\" style=\"--smush-placeholder-width: 1280px; --smush-placeholder-aspect-ratio: 1280\/720;object-fit:cover;\" data-srcset=\"https:\/\/techhub.saworks.io\/wp-content\/uploads\/2024\/10\/1728997429718.png 1280w, https:\/\/techhub.saworks.io\/wp-content\/uploads\/2024\/10\/1728997429718-300x169.png 300w, https:\/\/techhub.saworks.io\/wp-content\/uploads\/2024\/10\/1728997429718-1024x576.png 1024w, https:\/\/techhub.saworks.io\/wp-content\/uploads\/2024\/10\/1728997429718-768x432.png 768w\" data-sizes=\"(max-width: 1280px) 100vw, 1280px\" src=\"data:image\/svg+xml;base64,PHN2ZyB3aWR0aD0iMSIgaGVpZ2h0PSIxIiB4bWxucz0iaHR0cDovL3d3dy53My5vcmcvMjAwMC9zdmciPjwvc3ZnPg==\" \/><\/figure>\n\n<h2 class=\"wp-block-post-title\">CodeQL : qu&rsquo;est-ce qu&rsquo;une donn\u00e9e contamin\u00e9e ?<\/h2>\n\n\n<div class=\"wp-block-group is-nowrap is-layout-flex wp-container-core-group-is-layout-8 wp-block-group-is-layout-flex\"><div class=\"wp-block-post-date\"><time datetime=\"2024-10-15T13:18:52+00:00\">15 octobre 2024<\/time><\/div><\/div>\n<\/div>\n\n<\/li><\/ul><\/div>\n<\/div>\n\n\n\n<div class=\"wp-block-group is-layout-constrained wp-block-group-is-layout-constrained\">\n<h2 class=\"wp-block-heading is-style-sidebar-title has-white-color has-primary-background-color has-text-color has-background has-link-color has-small-font-size wp-elements-1c024913313d9d8ec6af12a92d1ddafe\">Ces sujets pourraient vous int\u00e9resser\u2026<\/h2>\n\n\n\n<div class=\"wp-block-query is-layout-flow wp-block-query-is-layout-flow\"><ul class=\"wp-block-post-template is-layout-flow wp-block-post-template-is-layout-flow\"><li class=\"wp-block-post post-11762 post type-post status-publish format-standard has-post-thumbnail hentry category-securite tag-securite-fr\">\n\n<div class=\"wp-block-group is-layout-constrained wp-block-group-is-layout-constrained\"><figure class=\"wp-block-post-featured-image\"><img decoding=\"async\" width=\"1087\" height=\"789\" data-src=\"https:\/\/techhub.saworks.io\/wp-content\/uploads\/2026\/01\/Capture-decran-2026-01-06-154157.png\" class=\"attachment-post-thumbnail size-post-thumbnail wp-post-image lazyload\" alt=\"\" style=\"--smush-placeholder-width: 1087px; --smush-placeholder-aspect-ratio: 1087\/789;object-fit:cover;\" data-srcset=\"https:\/\/techhub.saworks.io\/wp-content\/uploads\/2026\/01\/Capture-decran-2026-01-06-154157.png 1087w, https:\/\/techhub.saworks.io\/wp-content\/uploads\/2026\/01\/Capture-decran-2026-01-06-154157-300x218.png 300w, https:\/\/techhub.saworks.io\/wp-content\/uploads\/2026\/01\/Capture-decran-2026-01-06-154157-1024x743.png 1024w, https:\/\/techhub.saworks.io\/wp-content\/uploads\/2026\/01\/Capture-decran-2026-01-06-154157-768x557.png 768w\" data-sizes=\"(max-width: 1087px) 100vw, 1087px\" src=\"data:image\/svg+xml;base64,PHN2ZyB3aWR0aD0iMSIgaGVpZ2h0PSIxIiB4bWxucz0iaHR0cDovL3d3dy53My5vcmcvMjAwMC9zdmciPjwvc3ZnPg==\" \/><\/figure>\n\n<h2 class=\"wp-block-post-title\">L&rsquo;importance de la s\u00e9curit\u00e9 informatique : prot\u00e9ger vos informations<\/h2>\n\n\n<div class=\"wp-block-group is-nowrap is-layout-flex wp-container-core-group-is-layout-11 wp-block-group-is-layout-flex\"><div class=\"wp-block-post-date\"><time datetime=\"2026-01-06T15:46:29+00:00\">6 janvier 2026<\/time><\/div><\/div>\n<\/div>\n\n<\/li><li class=\"wp-block-post post-11759 post type-post status-publish format-standard has-post-thumbnail hentry category-devops-fr tag-data-center-fr\">\n\n<div class=\"wp-block-group is-layout-constrained wp-block-group-is-layout-constrained\"><figure class=\"wp-block-post-featured-image\"><img decoding=\"async\" width=\"1272\" height=\"703\" data-src=\"https:\/\/techhub.saworks.io\/wp-content\/uploads\/2026\/01\/Capture-decran-2026-01-06-152753.png\" class=\"attachment-post-thumbnail size-post-thumbnail wp-post-image lazyload\" alt=\"\" style=\"--smush-placeholder-width: 1272px; --smush-placeholder-aspect-ratio: 1272\/703;object-fit:cover;\" data-srcset=\"https:\/\/techhub.saworks.io\/wp-content\/uploads\/2026\/01\/Capture-decran-2026-01-06-152753.png 1272w, https:\/\/techhub.saworks.io\/wp-content\/uploads\/2026\/01\/Capture-decran-2026-01-06-152753-300x166.png 300w, https:\/\/techhub.saworks.io\/wp-content\/uploads\/2026\/01\/Capture-decran-2026-01-06-152753-1024x566.png 1024w, https:\/\/techhub.saworks.io\/wp-content\/uploads\/2026\/01\/Capture-decran-2026-01-06-152753-768x424.png 768w\" data-sizes=\"(max-width: 1272px) 100vw, 1272px\" src=\"data:image\/svg+xml;base64,PHN2ZyB3aWR0aD0iMSIgaGVpZ2h0PSIxIiB4bWxucz0iaHR0cDovL3d3dy53My5vcmcvMjAwMC9zdmciPjwvc3ZnPg==\" \/><\/figure>\n\n<h2 class=\"wp-block-post-title\">Risques de compromission des GitHub Actions entra\u00eenant des fuites de donn\u00e9es pour 23 000 d\u00e9p\u00f4ts<\/h2>\n\n\n<div class=\"wp-block-group is-nowrap is-layout-flex wp-container-core-group-is-layout-13 wp-block-group-is-layout-flex\"><div class=\"wp-block-post-date\"><time datetime=\"2026-01-06T15:31:11+00:00\">6 janvier 2026<\/time><\/div><\/div>\n<\/div>\n\n<\/li><li class=\"wp-block-post post-11751 post type-post status-publish format-standard has-post-thumbnail hentry category-devops-fr tag-data-center-fr\">\n\n<div class=\"wp-block-group is-layout-constrained wp-block-group-is-layout-constrained\"><figure class=\"wp-block-post-featured-image\"><img decoding=\"async\" width=\"1200\" height=\"150\" data-src=\"https:\/\/techhub.saworks.io\/wp-content\/uploads\/2026\/01\/tout-savoir-sur-le-devops-r8cqv1vnrcf7518itmr17pd9t8l9pdur1x2m88al7g.jpg\" class=\"attachment-post-thumbnail size-post-thumbnail wp-post-image lazyload\" alt=\"\" style=\"--smush-placeholder-width: 1200px; --smush-placeholder-aspect-ratio: 1200\/150;object-fit:cover;\" data-srcset=\"https:\/\/techhub.saworks.io\/wp-content\/uploads\/2026\/01\/tout-savoir-sur-le-devops-r8cqv1vnrcf7518itmr17pd9t8l9pdur1x2m88al7g.jpg 1200w, https:\/\/techhub.saworks.io\/wp-content\/uploads\/2026\/01\/tout-savoir-sur-le-devops-r8cqv1vnrcf7518itmr17pd9t8l9pdur1x2m88al7g-300x38.jpg 300w, https:\/\/techhub.saworks.io\/wp-content\/uploads\/2026\/01\/tout-savoir-sur-le-devops-r8cqv1vnrcf7518itmr17pd9t8l9pdur1x2m88al7g-1024x128.jpg 1024w, https:\/\/techhub.saworks.io\/wp-content\/uploads\/2026\/01\/tout-savoir-sur-le-devops-r8cqv1vnrcf7518itmr17pd9t8l9pdur1x2m88al7g-768x96.jpg 768w\" data-sizes=\"(max-width: 1200px) 100vw, 1200px\" src=\"data:image\/svg+xml;base64,PHN2ZyB3aWR0aD0iMSIgaGVpZ2h0PSIxIiB4bWxucz0iaHR0cDovL3d3dy53My5vcmcvMjAwMC9zdmciPjwvc3ZnPg==\" \/><\/figure>\n\n<h2 class=\"wp-block-post-title\">Tout ce qu\u2019il faut savoir sur le DevOps<\/h2>\n\n\n<div class=\"wp-block-group is-nowrap is-layout-flex wp-container-core-group-is-layout-15 wp-block-group-is-layout-flex\"><div class=\"wp-block-post-date\"><time datetime=\"2026-01-06T15:14:56+00:00\">6 janvier 2026<\/time><\/div><\/div>\n<\/div>\n\n<\/li><\/ul><\/div>\n<\/div>\n","protected":false},"excerpt":{"rendered":"<p>L\u2019architecture de cybers\u00e9curit\u00e9 dans le secteur financier renforce la r\u00e9silience, la confiance et la conformit\u00e9 en int\u00e9grant des strat\u00e9gies de d\u00e9fense en profondeur, [&hellip;]<\/p>\n","protected":false},"author":2,"featured_media":4355,"parent":0,"menu_order":0,"comment_status":"closed","ping_status":"closed","template":"","meta":{"footnotes":""},"class_list":["post-4354","page","type-page","status-publish","has-post-thumbnail","hentry"],"_links":{"self":[{"href":"https:\/\/techhub.saworks.io\/fr\/wp-json\/wp\/v2\/pages\/4354"}],"collection":[{"href":"https:\/\/techhub.saworks.io\/fr\/wp-json\/wp\/v2\/pages"}],"about":[{"href":"https:\/\/techhub.saworks.io\/fr\/wp-json\/wp\/v2\/types\/page"}],"author":[{"embeddable":true,"href":"https:\/\/techhub.saworks.io\/fr\/wp-json\/wp\/v2\/users\/2"}],"replies":[{"embeddable":true,"href":"https:\/\/techhub.saworks.io\/fr\/wp-json\/wp\/v2\/comments?post=4354"}],"version-history":[{"count":0,"href":"https:\/\/techhub.saworks.io\/fr\/wp-json\/wp\/v2\/pages\/4354\/revisions"}],"wp:featuredmedia":[{"embeddable":true,"href":"https:\/\/techhub.saworks.io\/fr\/wp-json\/wp\/v2\/media\/4355"}],"wp:attachment":[{"href":"https:\/\/techhub.saworks.io\/fr\/wp-json\/wp\/v2\/media?parent=4354"}],"curies":[{"name":"wp","href":"https:\/\/api.w.org\/{rel}","templated":true}]}}