{"id":7915,"date":"2025-08-21T12:58:08","date_gmt":"2025-08-21T12:58:08","guid":{"rendered":"https:\/\/techhub.saworks.io\/?page_id=7915"},"modified":"2025-09-02T16:57:26","modified_gmt":"2025-09-02T16:57:26","slug":"devsecops","status":"publish","type":"page","link":"https:\/\/techhub.saworks.io\/fr\/devsecops\/","title":{"rendered":"DevSecOps"},"content":{"rendered":"\n<p class=\"has-large-font-size\">DevSecOps dans l&rsquo;industrie financi\u00e8re renforce la s\u00e9curit\u00e9 des logiciels, leur agilit\u00e9 et leur conformit\u00e9 en int\u00e9grant les pratiques de s\u00e9curit\u00e9 tout au long du cycle de d\u00e9veloppement. Cette approche automatise la d\u00e9tection des menaces, favorise la collaboration entre les \u00e9quipes de d\u00e9veloppement et de s\u00e9curit\u00e9, et permet une livraison plus rapide d&rsquo;applications s\u00e9curis\u00e9es tout en r\u00e9duisant les risques et l&rsquo;exposition r\u00e9glementaire.<\/p>\n\n\n\n<div class=\"wp-block-group is-layout-flow wp-container-core-group-is-layout-6 wp-block-group-is-layout-flow\">\n<h2 class=\"wp-block-heading is-style-sidebar-title has-white-color has-primary-background-color has-text-color has-background has-small-font-size\" style=\"margin-top:2vw;margin-bottom:1.5vw;font-style:normal;font-weight:400\"><br>Derniers articles sur DevSecops<\/h2>\n\n\n\n<div class=\"wp-block-query is-layout-flow wp-block-query-is-layout-flow\"><ul class=\"wp-block-post-template is-layout-flow wp-block-post-template-is-layout-flow\"><li class=\"wp-block-post post-11759 post type-post status-publish format-standard has-post-thumbnail hentry category-devops-fr tag-data-center-fr\">\n\n<div class=\"wp-block-columns is-layout-flex wp-container-core-columns-is-layout-1 wp-block-columns-is-layout-flex\">\n<div class=\"wp-block-column is-layout-flow wp-block-column-is-layout-flow\"><figure style=\"margin-top:0rem;margin-bottom:0rem;\" class=\"is-style-full-height wp-block-post-featured-image\"><a href=\"https:\/\/techhub.saworks.io\/fr\/risques-de-compromission-des-github-actions-entrainant-des-fuites-de-donnees-pour-23-000-depots\/\" target=\"_self\"  ><img decoding=\"async\" width=\"1272\" height=\"703\" data-src=\"https:\/\/techhub.saworks.io\/wp-content\/uploads\/2026\/01\/Capture-decran-2026-01-06-152753.png\" class=\"attachment-post-thumbnail size-post-thumbnail wp-post-image lazyload\" alt=\"Risques de compromission des GitHub Actions entra\u00eenant des fuites de donn\u00e9es pour 23 000 d\u00e9p\u00f4ts\" style=\"--smush-placeholder-width: 1272px; --smush-placeholder-aspect-ratio: 1272\/703;object-fit:cover;\" data-srcset=\"https:\/\/techhub.saworks.io\/wp-content\/uploads\/2026\/01\/Capture-decran-2026-01-06-152753.png 1272w, https:\/\/techhub.saworks.io\/wp-content\/uploads\/2026\/01\/Capture-decran-2026-01-06-152753-300x166.png 300w, https:\/\/techhub.saworks.io\/wp-content\/uploads\/2026\/01\/Capture-decran-2026-01-06-152753-1024x566.png 1024w, https:\/\/techhub.saworks.io\/wp-content\/uploads\/2026\/01\/Capture-decran-2026-01-06-152753-768x424.png 768w\" data-sizes=\"(max-width: 1272px) 100vw, 1272px\" src=\"data:image\/svg+xml;base64,PHN2ZyB3aWR0aD0iMSIgaGVpZ2h0PSIxIiB4bWxucz0iaHR0cDovL3d3dy53My5vcmcvMjAwMC9zdmciPjwvc3ZnPg==\" \/><\/a><\/figure><\/div>\n\n\n\n<div class=\"wp-block-column is-layout-flow wp-block-column-is-layout-flow\"><h2 class=\"wp-block-post-title\"><a href=\"https:\/\/techhub.saworks.io\/fr\/risques-de-compromission-des-github-actions-entrainant-des-fuites-de-donnees-pour-23-000-depots\/\" target=\"_self\" >Risques de compromission des GitHub Actions entra\u00eenant des fuites de donn\u00e9es pour 23 000 d\u00e9p\u00f4ts<\/a><\/h2>\n\n\n<div class=\"wp-block-group has-gray-color has-text-color is-layout-flex wp-container-core-group-is-layout-1 wp-block-group-is-layout-flex\" style=\"margin-top:0.75rem\"><div class=\"has-link-color wp-elements-9bd9074ee846ec112305f0fe352da13e wp-block-post-date\"><time datetime=\"2026-01-06T15:31:11+00:00\"><a href=\"https:\/\/techhub.saworks.io\/fr\/risques-de-compromission-des-github-actions-entrainant-des-fuites-de-donnees-pour-23-000-depots\/\">6 janvier 2026<\/a><\/time><\/div>\n\n\n<p>\u2013<\/p>\n\n\n<div class=\"wp-block-post-author\"><div class=\"wp-block-post-author__content\"><p class=\"wp-block-post-author__name\">Annick N&rsquo;dri<\/p><\/div><\/div><\/div>\n\n\n<div class=\"wp-block-post-excerpt\"><p class=\"wp-block-post-excerpt__excerpt\">Par : Jeff Burt Une GitHub Action populaire utilis\u00e9e dans plus de 23 000 d\u00e9p\u00f4ts de code a \u00e9t\u00e9 compromise lors d\u2019une attaque [&hellip;] <a class=\"wp-block-post-excerpt__more-link\" href=\"https:\/\/techhub.saworks.io\/fr\/risques-de-compromission-des-github-actions-entrainant-des-fuites-de-donnees-pour-23-000-depots\/\">Read more<\/a><\/p><\/div><\/div>\n<\/div>\n\n<\/li><\/ul><\/div>\n\n\n\n<div class=\"wp-block-query is-layout-flow wp-block-query-is-layout-flow\"><ul class=\"columns-3 wp-block-post-template is-layout-grid wp-container-core-post-template-is-layout-2 wp-block-post-template-is-layout-grid\"><li class=\"wp-block-post post-11751 post type-post status-publish format-standard has-post-thumbnail hentry category-devops-fr tag-data-center-fr\">\n\n<div class=\"wp-block-group is-layout-flow wp-block-group-is-layout-flow\"><figure style=\"height:20vh;\" class=\"wp-block-post-featured-image\"><a href=\"https:\/\/techhub.saworks.io\/fr\/tout-ce-quil-faut-savoir-sur-le-devops\/\" target=\"_self\"  style=\"height:20vh\"><img decoding=\"async\" width=\"1200\" height=\"150\" data-src=\"https:\/\/techhub.saworks.io\/wp-content\/uploads\/2026\/01\/tout-savoir-sur-le-devops-r8cqv1vnrcf7518itmr17pd9t8l9pdur1x2m88al7g.jpg\" class=\"attachment-post-thumbnail size-post-thumbnail wp-post-image lazyload\" alt=\"Tout ce qu\u2019il faut savoir sur le DevOps\" style=\"--smush-placeholder-width: 1200px; --smush-placeholder-aspect-ratio: 1200\/150;height:20vh;object-fit:cover;\" data-srcset=\"https:\/\/techhub.saworks.io\/wp-content\/uploads\/2026\/01\/tout-savoir-sur-le-devops-r8cqv1vnrcf7518itmr17pd9t8l9pdur1x2m88al7g.jpg 1200w, https:\/\/techhub.saworks.io\/wp-content\/uploads\/2026\/01\/tout-savoir-sur-le-devops-r8cqv1vnrcf7518itmr17pd9t8l9pdur1x2m88al7g-300x38.jpg 300w, https:\/\/techhub.saworks.io\/wp-content\/uploads\/2026\/01\/tout-savoir-sur-le-devops-r8cqv1vnrcf7518itmr17pd9t8l9pdur1x2m88al7g-1024x128.jpg 1024w, https:\/\/techhub.saworks.io\/wp-content\/uploads\/2026\/01\/tout-savoir-sur-le-devops-r8cqv1vnrcf7518itmr17pd9t8l9pdur1x2m88al7g-768x96.jpg 768w\" data-sizes=\"(max-width: 1200px) 100vw, 1200px\" src=\"data:image\/svg+xml;base64,PHN2ZyB3aWR0aD0iMSIgaGVpZ2h0PSIxIiB4bWxucz0iaHR0cDovL3d3dy53My5vcmcvMjAwMC9zdmciPjwvc3ZnPg==\" \/><\/a><\/figure>\n\n<h2 class=\"wp-block-post-title has-medium-font-size\"><a href=\"https:\/\/techhub.saworks.io\/fr\/tout-ce-quil-faut-savoir-sur-le-devops\/\" target=\"_self\" >Tout ce qu\u2019il faut savoir sur le DevOps<\/a><\/h2>\n\n\n<div class=\"wp-block-group has-gray-color has-text-color has-small-font-size is-layout-flex wp-container-core-group-is-layout-2 wp-block-group-is-layout-flex\" style=\"margin-top:0.5rem\"><div class=\"has-link-color wp-elements-9bd9074ee846ec112305f0fe352da13e wp-block-post-date\"><time datetime=\"2026-01-06T15:14:56+00:00\"><a href=\"https:\/\/techhub.saworks.io\/fr\/tout-ce-quil-faut-savoir-sur-le-devops\/\">6 janvier 2026<\/a><\/time><\/div><\/div>\n<\/div>\n\n<\/li><li class=\"wp-block-post post-3746 post type-post status-publish format-standard has-post-thumbnail hentry category-devops-fr tag-data-center-fr\">\n\n<div class=\"wp-block-group is-layout-flow wp-block-group-is-layout-flow\"><figure style=\"height:20vh;\" class=\"wp-block-post-featured-image\"><a href=\"https:\/\/techhub.saworks.io\/fr\/apporter-le-devops-a-la-peripherie-edge\/\" target=\"_self\"  style=\"height:20vh\"><img decoding=\"async\" width=\"600\" height=\"360\" data-src=\"https:\/\/techhub.saworks.io\/wp-content\/uploads\/2024\/09\/360_F_396983381_AcuGFHQbNn7D9eercXFpOecN7d7B5F66.jpg\" class=\"attachment-post-thumbnail size-post-thumbnail wp-post-image lazyload\" alt=\"Apporter le DevOps \u00e0 la p\u00e9riph\u00e9rie (Edge)\" style=\"--smush-placeholder-width: 600px; --smush-placeholder-aspect-ratio: 600\/360;height:20vh;object-fit:cover;\" data-srcset=\"https:\/\/techhub.saworks.io\/wp-content\/uploads\/2024\/09\/360_F_396983381_AcuGFHQbNn7D9eercXFpOecN7d7B5F66.jpg 600w, https:\/\/techhub.saworks.io\/wp-content\/uploads\/2024\/09\/360_F_396983381_AcuGFHQbNn7D9eercXFpOecN7d7B5F66-300x180.jpg 300w\" data-sizes=\"(max-width: 600px) 100vw, 600px\" src=\"data:image\/svg+xml;base64,PHN2ZyB3aWR0aD0iMSIgaGVpZ2h0PSIxIiB4bWxucz0iaHR0cDovL3d3dy53My5vcmcvMjAwMC9zdmciPjwvc3ZnPg==\" \/><\/a><\/figure>\n\n<h2 class=\"wp-block-post-title has-medium-font-size\"><a href=\"https:\/\/techhub.saworks.io\/fr\/apporter-le-devops-a-la-peripherie-edge\/\" target=\"_self\" >Apporter le DevOps \u00e0 la p\u00e9riph\u00e9rie (Edge)<\/a><\/h2>\n\n\n<div class=\"wp-block-group has-gray-color has-text-color has-small-font-size is-layout-flex wp-container-core-group-is-layout-4 wp-block-group-is-layout-flex\" style=\"margin-top:0.5rem\"><div class=\"has-link-color wp-elements-9bd9074ee846ec112305f0fe352da13e wp-block-post-date\"><time datetime=\"2024-09-18T13:32:11+00:00\"><a href=\"https:\/\/techhub.saworks.io\/fr\/apporter-le-devops-a-la-peripherie-edge\/\">18 septembre 2024<\/a><\/time><\/div><\/div>\n<\/div>\n\n<\/li><\/ul><\/div>\n<\/div>\n\n\n\n<div class=\"wp-block-group is-layout-flow wp-container-core-group-is-layout-19 wp-block-group-is-layout-flow\">\n<h2 class=\"wp-block-heading is-style-sidebar-title has-white-color has-primary-background-color has-text-color has-background has-small-font-size\" style=\"margin-top:2vw;margin-bottom:1.5vw;font-style:normal;font-weight:400\"><br>Ces sujets pourraient vous int\u00e9resser\u2026<\/h2>\n\n\n\n<div class=\"wp-block-query is-layout-flow wp-block-query-is-layout-flow\"><ul class=\"columns-3 wp-block-post-template is-layout-grid wp-container-core-post-template-is-layout-3 wp-block-post-template-is-layout-grid\"><li class=\"wp-block-post post-3778 post type-post status-publish format-standard has-post-thumbnail hentry category-banque tag-examiner-ceci tag-secteur-bancaire\">\n\n<div class=\"wp-block-group is-layout-flow wp-block-group-is-layout-flow\"><figure style=\"height:20vh;\" class=\"wp-block-post-featured-image\"><a href=\"https:\/\/techhub.saworks.io\/fr\/comprendre-la-fonctionnalite-rapports-dans-phenix-fineract\/\" target=\"_self\"  style=\"height:20vh\"><img decoding=\"async\" width=\"612\" height=\"408\" data-src=\"https:\/\/techhub.saworks.io\/wp-content\/uploads\/2024\/11\/istockphoto-1341785038-612x612-1.jpg\" class=\"attachment-post-thumbnail size-post-thumbnail wp-post-image lazyload\" alt=\"Comprendre la fonctionnalit\u00e9 Rapports dans Phenix\/fineract\" style=\"--smush-placeholder-width: 612px; --smush-placeholder-aspect-ratio: 612\/408;height:20vh;object-fit:cover;\" data-srcset=\"https:\/\/techhub.saworks.io\/wp-content\/uploads\/2024\/11\/istockphoto-1341785038-612x612-1.jpg 612w, https:\/\/techhub.saworks.io\/wp-content\/uploads\/2024\/11\/istockphoto-1341785038-612x612-1-300x200.jpg 300w\" data-sizes=\"(max-width: 612px) 100vw, 612px\" src=\"data:image\/svg+xml;base64,PHN2ZyB3aWR0aD0iMSIgaGVpZ2h0PSIxIiB4bWxucz0iaHR0cDovL3d3dy53My5vcmcvMjAwMC9zdmciPjwvc3ZnPg==\" \/><\/a><\/figure>\n\n<h2 class=\"wp-block-post-title has-regular-font-size\"><a href=\"https:\/\/techhub.saworks.io\/fr\/comprendre-la-fonctionnalite-rapports-dans-phenix-fineract\/\" target=\"_self\" >Comprendre la fonctionnalit\u00e9 Rapports dans Phenix\/fineract<\/a><\/h2>\n\n\n<div class=\"wp-block-group has-gray-color has-text-color has-x-small-font-size is-layout-flex wp-container-core-group-is-layout-7 wp-block-group-is-layout-flex\" style=\"margin-top:0.25rem\"><div class=\"has-link-color wp-elements-9bd9074ee846ec112305f0fe352da13e wp-block-post-date\"><time datetime=\"2024-12-16T20:55:35+00:00\"><a href=\"https:\/\/techhub.saworks.io\/fr\/comprendre-la-fonctionnalite-rapports-dans-phenix-fineract\/\">16 d\u00e9cembre 2024<\/a><\/time><\/div><\/div>\n<\/div>\n\n<\/li><li class=\"wp-block-post post-3642 post type-post status-publish format-standard has-post-thumbnail hentry category-banque tag-examiner-ceci tag-secteur-bancaire\">\n\n<div class=\"wp-block-group is-layout-flow wp-block-group-is-layout-flow\"><figure style=\"height:20vh;\" class=\"wp-block-post-featured-image\"><a href=\"https:\/\/techhub.saworks.io\/fr\/gestion-des-bureaux-dans-phenix-fineract-structurer-les-operations-de-votre-institution-financiere\/\" target=\"_self\"  style=\"height:20vh\"><img decoding=\"async\" width=\"612\" height=\"408\" data-src=\"https:\/\/techhub.saworks.io\/wp-content\/uploads\/2024\/10\/istockphoto-1460755337-612x612-1.jpg\" class=\"attachment-post-thumbnail size-post-thumbnail wp-post-image lazyload\" alt=\"Gestion des bureaux dans Phenix\/fineract : structurer les op\u00e9rations de votre institution financi\u00e8re\" style=\"--smush-placeholder-width: 612px; --smush-placeholder-aspect-ratio: 612\/408;height:20vh;object-fit:cover;\" data-srcset=\"https:\/\/techhub.saworks.io\/wp-content\/uploads\/2024\/10\/istockphoto-1460755337-612x612-1.jpg 612w, https:\/\/techhub.saworks.io\/wp-content\/uploads\/2024\/10\/istockphoto-1460755337-612x612-1-300x200.jpg 300w\" data-sizes=\"(max-width: 612px) 100vw, 612px\" src=\"data:image\/svg+xml;base64,PHN2ZyB3aWR0aD0iMSIgaGVpZ2h0PSIxIiB4bWxucz0iaHR0cDovL3d3dy53My5vcmcvMjAwMC9zdmciPjwvc3ZnPg==\" \/><\/a><\/figure>\n\n<h2 class=\"wp-block-post-title has-regular-font-size\"><a href=\"https:\/\/techhub.saworks.io\/fr\/gestion-des-bureaux-dans-phenix-fineract-structurer-les-operations-de-votre-institution-financiere\/\" target=\"_self\" >Gestion des bureaux dans Phenix\/fineract : structurer les op\u00e9rations de votre institution financi\u00e8re<\/a><\/h2>\n\n\n<div class=\"wp-block-group has-gray-color has-text-color has-x-small-font-size is-layout-flex wp-container-core-group-is-layout-9 wp-block-group-is-layout-flex\" style=\"margin-top:0.25rem\"><div class=\"has-link-color wp-elements-9bd9074ee846ec112305f0fe352da13e wp-block-post-date\"><time datetime=\"2024-12-16T20:55:10+00:00\"><a href=\"https:\/\/techhub.saworks.io\/fr\/gestion-des-bureaux-dans-phenix-fineract-structurer-les-operations-de-votre-institution-financiere\/\">16 d\u00e9cembre 2024<\/a><\/time><\/div><\/div>\n<\/div>\n\n<\/li><li class=\"wp-block-post post-3615 post type-post status-publish format-standard has-post-thumbnail hentry category-banque tag-configuration-fr tag-secteur-bancaire\">\n\n<div class=\"wp-block-group is-layout-flow wp-block-group-is-layout-flow\"><figure style=\"height:20vh;\" class=\"wp-block-post-featured-image\"><a href=\"https:\/\/techhub.saworks.io\/fr\/comprehension-et-utilisation-de-lassistant-de-configuration-dans-phenix-fineract\/\" target=\"_self\"  style=\"height:20vh\"><img decoding=\"async\" width=\"512\" height=\"512\" data-src=\"https:\/\/techhub.saworks.io\/wp-content\/uploads\/2024\/12\/12463186.png\" class=\"attachment-post-thumbnail size-post-thumbnail wp-post-image lazyload\" alt=\"Compr\u00e9hension et utilisation de l&rsquo;assistant de configuration dans phenix\/fineract\" style=\"--smush-placeholder-width: 512px; --smush-placeholder-aspect-ratio: 512\/512;height:20vh;object-fit:cover;\" data-srcset=\"https:\/\/techhub.saworks.io\/wp-content\/uploads\/2024\/12\/12463186.png 512w, https:\/\/techhub.saworks.io\/wp-content\/uploads\/2024\/12\/12463186-300x300.png 300w, https:\/\/techhub.saworks.io\/wp-content\/uploads\/2024\/12\/12463186-150x150.png 150w\" data-sizes=\"(max-width: 512px) 100vw, 512px\" src=\"data:image\/svg+xml;base64,PHN2ZyB3aWR0aD0iMSIgaGVpZ2h0PSIxIiB4bWxucz0iaHR0cDovL3d3dy53My5vcmcvMjAwMC9zdmciPjwvc3ZnPg==\" \/><\/a><\/figure>\n\n<h2 class=\"wp-block-post-title has-regular-font-size\"><a href=\"https:\/\/techhub.saworks.io\/fr\/comprehension-et-utilisation-de-lassistant-de-configuration-dans-phenix-fineract\/\" target=\"_self\" >Compr\u00e9hension et utilisation de l&rsquo;assistant de configuration dans phenix\/fineract<\/a><\/h2>\n\n\n<div class=\"wp-block-group has-gray-color has-text-color has-x-small-font-size is-layout-flex wp-container-core-group-is-layout-11 wp-block-group-is-layout-flex\" style=\"margin-top:0.25rem\"><div class=\"has-link-color wp-elements-9bd9074ee846ec112305f0fe352da13e wp-block-post-date\"><time datetime=\"2024-12-16T20:42:39+00:00\"><a href=\"https:\/\/techhub.saworks.io\/fr\/comprehension-et-utilisation-de-lassistant-de-configuration-dans-phenix-fineract\/\">16 d\u00e9cembre 2024<\/a><\/time><\/div><\/div>\n<\/div>\n\n<\/li><li class=\"wp-block-post post-3623 post type-post status-publish format-standard has-post-thumbnail hentry category-banque tag-examiner-ceci tag-produit tag-secteur-bancaire\">\n\n<div class=\"wp-block-group is-layout-flow wp-block-group-is-layout-flow\"><figure style=\"height:20vh;\" class=\"wp-block-post-featured-image\"><a href=\"https:\/\/techhub.saworks.io\/fr\/decouverte-du-sous-menu-modele-dans-le-menu-administrateur-de-phenix-fineract\/\" target=\"_self\"  style=\"height:20vh\"><img decoding=\"async\" width=\"960\" height=\"720\" data-src=\"https:\/\/techhub.saworks.io\/wp-content\/uploads\/2024\/11\/Bancaire-1.png\" class=\"attachment-post-thumbnail size-post-thumbnail wp-post-image lazyload\" alt=\"D\u00e9couverte du sous-menu \u00ab mod\u00e8le \u00bb dans le menu administrateur de Phenix\/Fineract\" style=\"--smush-placeholder-width: 960px; --smush-placeholder-aspect-ratio: 960\/720;height:20vh;object-fit:cover;\" data-srcset=\"https:\/\/techhub.saworks.io\/wp-content\/uploads\/2024\/11\/Bancaire-1.png 960w, https:\/\/techhub.saworks.io\/wp-content\/uploads\/2024\/11\/Bancaire-1-300x225.png 300w, https:\/\/techhub.saworks.io\/wp-content\/uploads\/2024\/11\/Bancaire-1-768x576.png 768w\" data-sizes=\"(max-width: 960px) 100vw, 960px\" src=\"data:image\/svg+xml;base64,PHN2ZyB3aWR0aD0iMSIgaGVpZ2h0PSIxIiB4bWxucz0iaHR0cDovL3d3dy53My5vcmcvMjAwMC9zdmciPjwvc3ZnPg==\" \/><\/a><\/figure>\n\n<h2 class=\"wp-block-post-title has-regular-font-size\"><a href=\"https:\/\/techhub.saworks.io\/fr\/decouverte-du-sous-menu-modele-dans-le-menu-administrateur-de-phenix-fineract\/\" target=\"_self\" >D\u00e9couverte du sous-menu \u00ab mod\u00e8le \u00bb dans le menu administrateur de Phenix\/Fineract<\/a><\/h2>\n\n\n<div class=\"wp-block-group has-gray-color has-text-color has-x-small-font-size is-layout-flex wp-container-core-group-is-layout-13 wp-block-group-is-layout-flex\" style=\"margin-top:0.25rem\"><div class=\"has-link-color wp-elements-9bd9074ee846ec112305f0fe352da13e wp-block-post-date\"><time datetime=\"2024-12-16T17:10:54+00:00\"><a href=\"https:\/\/techhub.saworks.io\/fr\/decouverte-du-sous-menu-modele-dans-le-menu-administrateur-de-phenix-fineract\/\">16 d\u00e9cembre 2024<\/a><\/time><\/div><\/div>\n<\/div>\n\n<\/li><li class=\"wp-block-post post-3628 post type-post status-publish format-standard has-post-thumbnail hentry category-banque tag-secteur-bancaire\">\n\n<div class=\"wp-block-group is-layout-flow wp-block-group-is-layout-flow\"><figure style=\"height:20vh;\" class=\"wp-block-post-featured-image\"><a href=\"https:\/\/techhub.saworks.io\/fr\/decouverte-du-sous-menu-produits-dans-phenix-fineract\/\" target=\"_self\"  style=\"height:20vh\"><img decoding=\"async\" width=\"612\" height=\"408\" data-src=\"https:\/\/techhub.saworks.io\/wp-content\/uploads\/2024\/11\/istockphoto-1304484797-612x612-1.jpg\" class=\"attachment-post-thumbnail size-post-thumbnail wp-post-image lazyload\" alt=\"D\u00e9couverte du Sous-Menu \u00ab\u00a0Produits\u00a0\u00bb dans Phenix\/Fineract\" style=\"--smush-placeholder-width: 612px; --smush-placeholder-aspect-ratio: 612\/408;height:20vh;object-fit:cover;\" data-srcset=\"https:\/\/techhub.saworks.io\/wp-content\/uploads\/2024\/11\/istockphoto-1304484797-612x612-1.jpg 612w, https:\/\/techhub.saworks.io\/wp-content\/uploads\/2024\/11\/istockphoto-1304484797-612x612-1-300x200.jpg 300w\" data-sizes=\"(max-width: 612px) 100vw, 612px\" src=\"data:image\/svg+xml;base64,PHN2ZyB3aWR0aD0iMSIgaGVpZ2h0PSIxIiB4bWxucz0iaHR0cDovL3d3dy53My5vcmcvMjAwMC9zdmciPjwvc3ZnPg==\" \/><\/a><\/figure>\n\n<h2 class=\"wp-block-post-title has-regular-font-size\"><a href=\"https:\/\/techhub.saworks.io\/fr\/decouverte-du-sous-menu-produits-dans-phenix-fineract\/\" target=\"_self\" >D\u00e9couverte du Sous-Menu \u00ab\u00a0Produits\u00a0\u00bb dans Phenix\/Fineract<\/a><\/h2>\n\n\n<div class=\"wp-block-group has-gray-color has-text-color has-x-small-font-size is-layout-flex wp-container-core-group-is-layout-15 wp-block-group-is-layout-flex\" style=\"margin-top:0.25rem\"><div class=\"has-link-color wp-elements-9bd9074ee846ec112305f0fe352da13e wp-block-post-date\"><time datetime=\"2024-12-16T17:01:28+00:00\"><a href=\"https:\/\/techhub.saworks.io\/fr\/decouverte-du-sous-menu-produits-dans-phenix-fineract\/\">16 d\u00e9cembre 2024<\/a><\/time><\/div><\/div>\n<\/div>\n\n<\/li><li class=\"wp-block-post post-3736 post type-post status-publish format-standard has-post-thumbnail hentry category-banque tag-secteur-bancaire\">\n\n<div class=\"wp-block-group is-layout-flow wp-block-group-is-layout-flow\"><figure style=\"height:20vh;\" class=\"wp-block-post-featured-image\"><a href=\"https:\/\/techhub.saworks.io\/fr\/explorer-le-sous-menu-utilisateur-dans-phenix-fineract\/\" target=\"_self\"  style=\"height:20vh\"><img decoding=\"async\" width=\"935\" height=\"1000\" data-src=\"https:\/\/techhub.saworks.io\/wp-content\/uploads\/2024\/11\/idee-de-site-web-de-jumelage-reseau-social-recherche-de-geolocalisation-compte-utilisateur-profil-personnel-internet-surf-service-de-rencontres-en-ligne-vecteur-isole-2j3nmyy-935x1000.jpg\" class=\"attachment-post-thumbnail size-post-thumbnail wp-post-image lazyload\" alt=\"Explorer le sous-menu \u00ab utilisateur \u00bb dans phenix\/fineract\" style=\"--smush-placeholder-width: 935px; --smush-placeholder-aspect-ratio: 935\/1000;height:20vh;object-fit:cover;\" data-srcset=\"https:\/\/techhub.saworks.io\/wp-content\/uploads\/2024\/11\/idee-de-site-web-de-jumelage-reseau-social-recherche-de-geolocalisation-compte-utilisateur-profil-personnel-internet-surf-service-de-rencontres-en-ligne-vecteur-isole-2j3nmyy-935x1000.jpg 935w, https:\/\/techhub.saworks.io\/wp-content\/uploads\/2024\/11\/idee-de-site-web-de-jumelage-reseau-social-recherche-de-geolocalisation-compte-utilisateur-profil-personnel-internet-surf-service-de-rencontres-en-ligne-vecteur-isole-2j3nmyy-281x300.jpg 281w, https:\/\/techhub.saworks.io\/wp-content\/uploads\/2024\/11\/idee-de-site-web-de-jumelage-reseau-social-recherche-de-geolocalisation-compte-utilisateur-profil-personnel-internet-surf-service-de-rencontres-en-ligne-vecteur-isole-2j3nmyy-958x1024.jpg 958w, https:\/\/techhub.saworks.io\/wp-content\/uploads\/2024\/11\/idee-de-site-web-de-jumelage-reseau-social-recherche-de-geolocalisation-compte-utilisateur-profil-personnel-internet-surf-service-de-rencontres-en-ligne-vecteur-isole-2j3nmyy-768x821.jpg 768w, https:\/\/techhub.saworks.io\/wp-content\/uploads\/2024\/11\/idee-de-site-web-de-jumelage-reseau-social-recherche-de-geolocalisation-compte-utilisateur-profil-personnel-internet-surf-service-de-rencontres-en-ligne-vecteur-isole-2j3nmyy.jpg 1300w\" data-sizes=\"(max-width: 935px) 100vw, 935px\" src=\"data:image\/svg+xml;base64,PHN2ZyB3aWR0aD0iMSIgaGVpZ2h0PSIxIiB4bWxucz0iaHR0cDovL3d3dy53My5vcmcvMjAwMC9zdmciPjwvc3ZnPg==\" \/><\/a><\/figure>\n\n<h2 class=\"wp-block-post-title has-regular-font-size\"><a href=\"https:\/\/techhub.saworks.io\/fr\/explorer-le-sous-menu-utilisateur-dans-phenix-fineract\/\" target=\"_self\" >Explorer le sous-menu \u00ab utilisateur \u00bb dans phenix\/fineract<\/a><\/h2>\n\n\n<div class=\"wp-block-group has-gray-color has-text-color has-x-small-font-size is-layout-flex wp-container-core-group-is-layout-17 wp-block-group-is-layout-flex\" style=\"margin-top:0.25rem\"><div class=\"has-link-color wp-elements-9bd9074ee846ec112305f0fe352da13e wp-block-post-date\"><time datetime=\"2024-12-16T16:59:27+00:00\"><a href=\"https:\/\/techhub.saworks.io\/fr\/explorer-le-sous-menu-utilisateur-dans-phenix-fineract\/\">16 d\u00e9cembre 2024<\/a><\/time><\/div><\/div>\n<\/div>\n\n<\/li><\/ul><\/div>\n<\/div>\n\n\n\n<div class=\"wp-block-group is-layout-flow wp-block-group-is-layout-flow\">\n<h2 class=\"wp-block-heading is-style-sidebar-title has-white-color has-primary-background-color has-text-color has-background has-small-font-size\" style=\"margin-top:2vw;margin-bottom:1.5vw;font-style:normal;font-weight:400\"><br>Nos produits<\/h2>\n\n\n\n<div class=\"wp-block-group has-light-gray-background-color has-background is-layout-flow wp-block-group-is-layout-flow\">\n<h2 class=\"wp-block-heading\">Pr\u00e9sentation de Phenix pour la Finance<\/h2>\n\n\n\n<p>Phenix for Finance est une suite d&rsquo;applications con\u00e7ue d\u00e8s le d\u00e9part pour r\u00e9pondre aux besoins des institutions financi\u00e8res petites et moyennes, avec des solutions simples mais robustes : applications mobiles pour les clients, application de core banking, et application mobile pour les agents de terrain.<\/p>\n\n\n\n<div class=\"wp-block-buttons is-layout-flex wp-block-buttons-is-layout-flex\">\n<div class=\"wp-block-button\"><a class=\"wp-block-button__link wp-element-button\">En savoir plus<\/a><\/div>\n<\/div>\n<\/div>\n<\/div>\n","protected":false},"excerpt":{"rendered":"<p>DevSecOps dans l&rsquo;industrie financi\u00e8re renforce la s\u00e9curit\u00e9 des logiciels, leur agilit\u00e9 et leur conformit\u00e9 en int\u00e9grant les pratiques de s\u00e9curit\u00e9 tout au long [&hellip;]<\/p>\n","protected":false},"author":2,"featured_media":0,"parent":0,"menu_order":0,"comment_status":"closed","ping_status":"closed","template":"","meta":{"footnotes":""},"class_list":["post-7915","page","type-page","status-publish","hentry"],"_links":{"self":[{"href":"https:\/\/techhub.saworks.io\/fr\/wp-json\/wp\/v2\/pages\/7915"}],"collection":[{"href":"https:\/\/techhub.saworks.io\/fr\/wp-json\/wp\/v2\/pages"}],"about":[{"href":"https:\/\/techhub.saworks.io\/fr\/wp-json\/wp\/v2\/types\/page"}],"author":[{"embeddable":true,"href":"https:\/\/techhub.saworks.io\/fr\/wp-json\/wp\/v2\/users\/2"}],"replies":[{"embeddable":true,"href":"https:\/\/techhub.saworks.io\/fr\/wp-json\/wp\/v2\/comments?post=7915"}],"version-history":[{"count":0,"href":"https:\/\/techhub.saworks.io\/fr\/wp-json\/wp\/v2\/pages\/7915\/revisions"}],"wp:attachment":[{"href":"https:\/\/techhub.saworks.io\/fr\/wp-json\/wp\/v2\/media?parent=7915"}],"curies":[{"name":"wp","href":"https:\/\/api.w.org\/{rel}","templated":true}]}}