{"id":9227,"date":"2025-10-08T14:58:12","date_gmt":"2025-10-08T14:58:12","guid":{"rendered":"https:\/\/techhub.saworks.io\/?page_id=9227"},"modified":"2025-10-09T12:18:13","modified_gmt":"2025-10-09T12:18:13","slug":"iretipay-facilitateur-dacces-aux-marches","status":"publish","type":"page","link":"https:\/\/techhub.saworks.io\/fr\/iretipay-facilitateur-dacces-aux-marches\/","title":{"rendered":"IretiPay : Facilitateur d&rsquo;acc\u00e8s aux march\u00e9s"},"content":{"rendered":"\n<div class=\"wp-block-group is-layout-constrained wp-block-group-is-layout-constrained\">\n<p><strong>IretiPay<\/strong> est une plateforme technologique qui facilite <strong>l\u2019acc\u00e8s au march\u00e9<\/strong> pour les entreprises, les marchands et les consommateurs \u00e0 travers l\u2019Afrique de l\u2019Ouest.<br>Notre mission est de <strong>connecter les \u00e9cosyst\u00e8mes financiers et commerciaux<\/strong> afin de simplifier les paiements, les ventes et les \u00e9changes entre diff\u00e9rents acteurs \u00e9conomiques.<\/p>\n\n\n\n<p>Contrairement aux plateformes de cr\u00e9ation de monnaies num\u00e9riques, <strong>IretiPay n\u2019\u00e9met pas de monnaie<\/strong>.<br>Nous construisons plut\u00f4t une <strong>infrastructure num\u00e9rique inclusive<\/strong> qui permet aux entreprises et aux utilisateurs d\u2019acc\u00e9der facilement \u00e0 des outils modernes de gestion et de paiement.<\/p>\n\n\n\n<hr class=\"wp-block-separator has-text-color has-light-gray-color has-alpha-channel-opacity has-light-gray-background-color has-background is-style-wide\"\/>\n\n\n\n<div style=\"height:20px\" aria-hidden=\"true\" class=\"wp-block-spacer\"><\/div>\n\n\n\n<h2 class=\"wp-block-heading\"><strong>\ud83d\udcb3<\/strong><strong> Nos produits et services<\/strong><\/h2>\n\n\n\n<h5 class=\"wp-block-heading\"><strong>1\ufe0f\u20e3 IretiPay POS (Point de Vente Intelligent)<\/strong><\/h5>\n\n\n\n<p>Notre <strong>solution POS<\/strong> est un outil complet con\u00e7u pour les <strong>marchands, sup\u00e9rettes, restaurants et d\u00e9taillants<\/strong>.<br>Elle permet :<\/p>\n\n\n\n<ul class=\"wp-block-list\">\n<li>La <strong>gestion des ventes<\/strong> et des transactions quotidiennes.<\/li>\n\n\n\n<li>Le <strong>suivi des stocks et des produits<\/strong> en temps r\u00e9el.<\/li>\n\n\n\n<li>La <strong>gestion des employ\u00e9s et des performances<\/strong>.<\/li>\n\n\n\n<li>L\u2019int\u00e9gration directe avec les solutions de paiement locales (mobile money, cartes, etc.).<\/li>\n<\/ul>\n\n\n\n<p>L\u2019objectif est de donner aux commer\u00e7ants <strong>une vision compl\u00e8te de leur activit\u00e9<\/strong> et de les aider \u00e0 se d\u00e9velopper gr\u00e2ce \u00e0 la digitalisation.<\/p>\n\n\n\n<div style=\"height:20px\" aria-hidden=\"true\" class=\"wp-block-spacer\"><\/div>\n\n\n\n<div class=\"wp-block-group is-nowrap is-layout-flex wp-container-core-group-is-layout-1 wp-block-group-is-layout-flex\">\n<figure class=\"wp-block-image size-large\"><img decoding=\"async\" width=\"1024\" height=\"515\" data-src=\"https:\/\/techhub.saworks.io\/wp-content\/uploads\/2025\/10\/Capture-decran-2025-10-08-151134-2-1024x515.png\" alt=\"\" class=\"wp-image-9236 lazyload\" data-srcset=\"https:\/\/techhub.saworks.io\/wp-content\/uploads\/2025\/10\/Capture-decran-2025-10-08-151134-2-1024x515.png 1024w, https:\/\/techhub.saworks.io\/wp-content\/uploads\/2025\/10\/Capture-decran-2025-10-08-151134-2-300x151.png 300w, https:\/\/techhub.saworks.io\/wp-content\/uploads\/2025\/10\/Capture-decran-2025-10-08-151134-2-768x386.png 768w, https:\/\/techhub.saworks.io\/wp-content\/uploads\/2025\/10\/Capture-decran-2025-10-08-151134-2.png 1324w\" data-sizes=\"(max-width: 1024px) 100vw, 1024px\" src=\"data:image\/svg+xml;base64,PHN2ZyB3aWR0aD0iMSIgaGVpZ2h0PSIxIiB4bWxucz0iaHR0cDovL3d3dy53My5vcmcvMjAwMC9zdmciPjwvc3ZnPg==\" style=\"--smush-placeholder-width: 1024px; --smush-placeholder-aspect-ratio: 1024\/515;\" \/><\/figure>\n\n\n\n<p>Image du POS avec des moyens de paiements<\/p>\n<\/div>\n\n\n\n<div style=\"height:20px\" aria-hidden=\"true\" class=\"wp-block-spacer\"><\/div>\n\n\n\n<h5 class=\"wp-block-heading\"><strong>2\ufe0f\u20e3 Transfert Inter-Plateformes (Mobile Money &amp; Plus)<\/strong><\/h5>\n\n\n\n<p>IretiPay permet de <strong>transf\u00e9rer de l\u2019argent entre diff\u00e9rents services financiers<\/strong> \u2014 par exemple d\u2019un fournisseur de Mobile Money \u00e0 un autre, ou vers des comptes bancaires compatibles.<br>Ce service agit comme un <strong>pont technologique entre les op\u00e9rateurs<\/strong>, rendant les transactions plus fluides, rapides et accessibles \u00e0 tous.<\/p>\n\n\n\n<div style=\"height:20px\" aria-hidden=\"true\" class=\"wp-block-spacer\"><\/div>\n\n\n\n<div class=\"wp-block-group is-nowrap is-layout-flex wp-container-core-group-is-layout-2 wp-block-group-is-layout-flex\">\n<figure class=\"wp-block-image size-large\"><img decoding=\"async\" width=\"691\" height=\"1024\" data-src=\"https:\/\/techhub.saworks.io\/wp-content\/uploads\/2025\/10\/WhatsApp-Image-2025-10-08-at-16.17.42-1-691x1024.jpeg\" alt=\"\" class=\"wp-image-9241 lazyload\" data-srcset=\"https:\/\/techhub.saworks.io\/wp-content\/uploads\/2025\/10\/WhatsApp-Image-2025-10-08-at-16.17.42-1-691x1024.jpeg 691w, https:\/\/techhub.saworks.io\/wp-content\/uploads\/2025\/10\/WhatsApp-Image-2025-10-08-at-16.17.42-1-202x300.jpeg 202w, https:\/\/techhub.saworks.io\/wp-content\/uploads\/2025\/10\/WhatsApp-Image-2025-10-08-at-16.17.42-1-675x1000.jpeg 675w, https:\/\/techhub.saworks.io\/wp-content\/uploads\/2025\/10\/WhatsApp-Image-2025-10-08-at-16.17.42-1.jpeg 720w\" data-sizes=\"(max-width: 691px) 100vw, 691px\" src=\"data:image\/svg+xml;base64,PHN2ZyB3aWR0aD0iMSIgaGVpZ2h0PSIxIiB4bWxucz0iaHR0cDovL3d3dy53My5vcmcvMjAwMC9zdmciPjwvc3ZnPg==\" style=\"--smush-placeholder-width: 691px; --smush-placeholder-aspect-ratio: 691\/1024;\" \/><\/figure>\n\n\n\n<p>Image des diff\u00e9rents mobiles money<\/p>\n<\/div>\n\n\n\n<div style=\"height:20px\" aria-hidden=\"true\" class=\"wp-block-spacer\"><\/div>\n\n\n\n<h2 class=\"wp-block-heading\"><strong>\ud83d\ude80<\/strong><strong> D\u2019autres services arrivent bient\u00f4t<\/strong><\/h2>\n\n\n\n<p>Nous travaillons actuellement sur :<\/p>\n\n\n\n<ul class=\"wp-block-list\">\n<li>Une <strong>API d\u2019int\u00e9gration<\/strong> pour les fintechs et entreprises souhaitant connecter leurs syst\u00e8mes \u00e0 IretiPay.<\/li>\n\n\n\n<li>Des <strong>solutions d\u2019analytique financi\u00e8re<\/strong> et de reporting pour les marchands.<\/li>\n\n\n\n<li>Des <strong>cartes IretiPay virtuelles et physiques<\/strong>, reli\u00e9es \u00e0 plusieurs services partenaires.<\/li>\n\n\n\n<li>Une <strong>int\u00e9gration avec les plateformes e-commerce<\/strong> pour automatiser les paiements et la logistique.<\/li>\n<\/ul>\n\n\n\n<div style=\"height:20px\" aria-hidden=\"true\" class=\"wp-block-spacer\"><\/div>\n\n\n\n<h2 class=\"wp-block-heading\"><strong>\ud83e\udd1d Notre engagement<\/strong><\/h2>\n\n\n\n<p>Chez <strong>IretiPay<\/strong>, nous croyons \u00e0 un avenir o\u00f9 chaque entreprise, petite ou grande, peut acc\u00e9der \u00e0 un <strong>\u00e9cosyst\u00e8me de paiement unifi\u00e9, transparent et fiable<\/strong>.<br>Nous travaillons en collaboration avec des partenaires strat\u00e9giques pour renforcer notre r\u00e9seau et offrir des solutions toujours plus simples et s\u00e9curis\u00e9es.<\/p>\n\n\n\n<div style=\"height:20px\" aria-hidden=\"true\" class=\"wp-block-spacer\"><\/div>\n\n\n\n<h2 class=\"wp-block-heading\"><strong>\ud83d\udccd<\/strong><strong> Contact<\/strong><\/h2>\n\n\n\n<p><strong>IretiPay \u2014 Plateforme d\u2019acc\u00e8s au march\u00e9 et solutions de paiement int\u00e9gr\u00e9es<\/strong><br>\ud83d\udce7 contact@iretipay.com<\/p>\n<\/div>\n","protected":false},"excerpt":{"rendered":"<p>IretiPay est une plateforme technologique qui facilite l\u2019acc\u00e8s au march\u00e9 pour les entreprises, les marchands et les consommateurs \u00e0 travers l\u2019Afrique de l\u2019Ouest.Notre [&hellip;]<\/p>\n","protected":false},"author":2,"featured_media":0,"parent":0,"menu_order":0,"comment_status":"closed","ping_status":"closed","template":"","meta":{"footnotes":""},"class_list":["post-9227","page","type-page","status-publish","hentry"],"_links":{"self":[{"href":"https:\/\/techhub.saworks.io\/fr\/wp-json\/wp\/v2\/pages\/9227"}],"collection":[{"href":"https:\/\/techhub.saworks.io\/fr\/wp-json\/wp\/v2\/pages"}],"about":[{"href":"https:\/\/techhub.saworks.io\/fr\/wp-json\/wp\/v2\/types\/page"}],"author":[{"embeddable":true,"href":"https:\/\/techhub.saworks.io\/fr\/wp-json\/wp\/v2\/users\/2"}],"replies":[{"embeddable":true,"href":"https:\/\/techhub.saworks.io\/fr\/wp-json\/wp\/v2\/comments?post=9227"}],"version-history":[{"count":0,"href":"https:\/\/techhub.saworks.io\/fr\/wp-json\/wp\/v2\/pages\/9227\/revisions"}],"wp:attachment":[{"href":"https:\/\/techhub.saworks.io\/fr\/wp-json\/wp\/v2\/media?parent=9227"}],"curies":[{"name":"wp","href":"https:\/\/api.w.org\/{rel}","templated":true}]}}